{"id":386,"date":"2019-04-18T11:08:42","date_gmt":"2019-04-18T11:08:42","guid":{"rendered":"https:\/\/envothemes.com\/envo-ecommerce\/product\/import-placeholder-for-39\/"},"modified":"2025-04-17T11:13:40","modified_gmt":"2025-04-17T11:13:40","slug":"futre-io","status":"publish","type":"product","link":"https:\/\/solooptica.com\/index.php\/producto\/futre-io\/","title":{"rendered":"Pa\u00f1itos antifog\/antiempa\u00f1antes"},"content":{"rendered":"<p>Pa\u00f1itos antiempa\u00f1antes, evita que se empa\u00f1en tus lentes por la mascarilla, calor o tu respiraci\u00f3n.<\/p>\n<p>Dura 500 pasadas.<\/p>\n","protected":false},"excerpt":{"rendered":"<p>Pa\u00f1itos antifog \/ antiempa\u00f1antes<\/p>\n","protected":false},"featured_media":640,"comment_status":"open","ping_status":"closed","template":"","meta":{"om_disable_all_campaigns":false,"_monsterinsights_skip_tracking":false,"_monsterinsights_sitenote_active":false,"_monsterinsights_sitenote_note":"","_monsterinsights_sitenote_category":0},"product_cat":[27],"product_tag":[],"_links":{"self":[{"href":"https:\/\/solooptica.com\/index.php\/wp-json\/wp\/v2\/product\/386"}],"collection":[{"href":"https:\/\/solooptica.com\/index.php\/wp-json\/wp\/v2\/product"}],"about":[{"href":"https:\/\/solooptica.com\/index.php\/wp-json\/wp\/v2\/types\/product"}],"replies":[{"embeddable":true,"href":"https:\/\/solooptica.com\/index.php\/wp-json\/wp\/v2\/comments?post=386"}],"wp:featuredmedia":[{"embeddable":true,"href":"https:\/\/solooptica.com\/index.php\/wp-json\/wp\/v2\/media\/640"}],"wp:attachment":[{"href":"https:\/\/solooptica.com\/index.php\/wp-json\/wp\/v2\/media?parent=386"}],"wp:term":[{"taxonomy":"product_cat","embeddable":true,"href":"https:\/\/solooptica.com\/index.php\/wp-json\/wp\/v2\/product_cat?post=386"},{"taxonomy":"product_tag","embeddable":true,"href":"https:\/\/solooptica.com\/index.php\/wp-json\/wp\/v2\/product_tag?post=386"}],"curies":[{"name":"wp","href":"https:\/\/api.w.org\/{rel}","templated":true}]}}